{"id":10,"date":"2015-02-11T19:33:45","date_gmt":"2015-02-11T19:33:45","guid":{"rendered":"http:\/\/psychotherapie-bommer.ch\/data\/?page_id=10"},"modified":"2016-06-16T13:03:19","modified_gmt":"2016-06-16T13:03:19","slug":"psychotherapie","status":"publish","type":"page","link":"http:\/\/psychotherapie-bommer.ch\/data\/psychotherapie\/","title":{"rendered":"Psychotherapie"},"content":{"rendered":"<p>Die therapeutische Grundlage meiner Arbeitsweise ist die\u00a0<strong>kognitive Verhaltenstherapie<\/strong>\u00a0\u2014 das Therapieverfahren, dessen Wirksamkeit bei einer Vielzahl von psychischen Problemen durch wissenschaftliche Untersuchungen besonders gut belegt ist.<\/p>\n<p>Ich biete Ihnen ein gegenwartsbezogenes, l\u00f6sungsorientiertes und transparentes Arbeiten in einem wertsch\u00e4tzenden und gesch\u00fctzten Rahmen. Zudem unterst\u00fctzte ich Sie darin selbstbestimmt und eigenverantwortlich eine aktive Rolle bei der Gestaltung Ihres eigenen Lebens einzunehmen.<br \/>\nMeine Behandlungskonzepte sind individualisiert an Ihre Person und Situation angepasst und orientieren sich am neusten Stand der Forschung.<\/p>\n<p>Ich biete Therapien f\u00fcr Erwachsene an. Die Therapien k\u00f6nnen im Einzel-, Paar-, oder Gruppensetting stattfinden.<\/p>\n","protected":false},"excerpt":{"rendered":"<p class=\"excerpt\">Die therapeutische Grundlage meiner Arbeitsweise ist die\u00a0kognitive Verhaltenstherapie\u00a0\u2014 das Therapieverfahren, dessen Wirksamkeit bei einer Vielzahl von psychischen Problemen durch wissenschaftliche Untersuchungen besonders gut belegt ist. Ich biete Ihnen ein gegenwartsbezogenes, l\u00f6sungsorientiertes und transparentes Arbeiten in einem wertsch\u00e4tzenden und gesch\u00fctzten Rahmen. Zudem unterst\u00fctzte ich Sie darin selbstbestimmt und eigenverantwortlich eine aktive Rolle bei der Gestaltung Ihres eigenen Lebens einzunehmen. Meine Behandlungskonzepte&hellip;<\/p>\n<p class=\"more-link-p\"><a class=\"btn btn-default\" href=\"http:\/\/psychotherapie-bommer.ch\/data\/psychotherapie\/\">Read more<\/a><\/p>\n","protected":false},"author":1,"featured_media":0,"parent":0,"menu_order":0,"comment_status":"closed","ping_status":"closed","template":"","meta":[],"_links":{"self":[{"href":"http:\/\/psychotherapie-bommer.ch\/data\/wp-json\/wp\/v2\/pages\/10"}],"collection":[{"href":"http:\/\/psychotherapie-bommer.ch\/data\/wp-json\/wp\/v2\/pages"}],"about":[{"href":"http:\/\/psychotherapie-bommer.ch\/data\/wp-json\/wp\/v2\/types\/page"}],"author":[{"embeddable":true,"href":"http:\/\/psychotherapie-bommer.ch\/data\/wp-json\/wp\/v2\/users\/1"}],"replies":[{"embeddable":true,"href":"http:\/\/psychotherapie-bommer.ch\/data\/wp-json\/wp\/v2\/comments?post=10"}],"version-history":[{"count":12,"href":"http:\/\/psychotherapie-bommer.ch\/data\/wp-json\/wp\/v2\/pages\/10\/revisions"}],"predecessor-version":[{"id":175,"href":"http:\/\/psychotherapie-bommer.ch\/data\/wp-json\/wp\/v2\/pages\/10\/revisions\/175"}],"wp:attachment":[{"href":"http:\/\/psychotherapie-bommer.ch\/data\/wp-json\/wp\/v2\/media?parent=10"}],"curies":[{"name":"wp","href":"https:\/\/api.w.org\/{rel}","templated":true}]}}