{"id":103,"date":"2015-03-18T20:01:55","date_gmt":"2015-03-18T20:01:55","guid":{"rendered":"http:\/\/psychotherapie-bommer.ch\/data\/?page_id=103"},"modified":"2015-03-18T20:03:08","modified_gmt":"2015-03-18T20:03:08","slug":"behandlungsspektrum","status":"publish","type":"page","link":"http:\/\/psychotherapie-bommer.ch\/data\/behandlungsspektrum\/","title":{"rendered":"Behandlungsspektrum"},"content":{"rendered":"<ul>\n<li>Depressionen, Burn-Out-Syndrom<\/li>\n<li>Angstst\u00f6rungen\n<ul>\n<li>Soziale \u00c4ngste<\/li>\n<li>Panikst\u00f6rung<\/li>\n<li>Agoraphobien (Angst vor Menschenmengen, Kaufh\u00e4usern, Pl\u00e4tzen)<\/li>\n<li>Spezifische Phobien (Angst vor Spinnen, Blut, H\u00f6he)<\/li>\n<li>Generalisierte \u00c4ngste<\/li>\n<\/ul>\n<\/li>\n<li>Essst\u00f6rungen\n<ul>\n<li>Bulimie<\/li>\n<li>Anorexie<\/li>\n<li>\u00dcberm\u00e4\u00dfiges Essen mit Essattacken mit und ohne \u00dcbergewicht<\/li>\n<\/ul>\n<\/li>\n<li>Zwangsst\u00f6rungen<\/li>\n<li>Pers\u00f6nlichkeitsst\u00f6rungen<\/li>\n<li>St\u00f6rungen der Impulskontrolle (Haare ausrei\u00dfen, Spielen, Stehlen)<\/li>\n<li>Bew\u00e4ltigung von Belastungen im Umgang mit (chronischen) k\u00f6rperlichen Erkrankungen und Schmerzen<\/li>\n<li>Anpassungsst\u00f6rungen in schwierigen Lebensphasen<\/li>\n<li>Posttraumatische Belastungsst\u00f6rungen<\/li>\n<li>Psychosomatische Erkrankungen<\/li>\n<li>Sexuelle Funktionsst\u00f6rungen<\/li>\n<li>Aufmerksamkeitsdefizit \/Hyperaktivit\u00e4tsst\u00f6rung im Erwachsenenalter (ADHS)<\/li>\n<li>Schlafst\u00f6rungen<\/li>\n<li>Stoffgebundene (bei Abstinenz) und nicht stoffgebundene Suchterkrankungen<\/li>\n<\/ul>\n","protected":false},"excerpt":{"rendered":"<p class=\"excerpt\">Depressionen, Burn-Out-Syndrom Angstst\u00f6rungen Soziale \u00c4ngste Panikst\u00f6rung Agoraphobien (Angst vor Menschenmengen, Kaufh\u00e4usern, Pl\u00e4tzen) Spezifische Phobien (Angst vor Spinnen, Blut, H\u00f6he) Generalisierte \u00c4ngste Essst\u00f6rungen Bulimie Anorexie \u00dcberm\u00e4\u00dfiges Essen mit Essattacken mit und ohne \u00dcbergewicht Zwangsst\u00f6rungen Pers\u00f6nlichkeitsst\u00f6rungen St\u00f6rungen der Impulskontrolle (Haare ausrei\u00dfen, Spielen, Stehlen) Bew\u00e4ltigung von Belastungen im Umgang mit (chronischen) k\u00f6rperlichen Erkrankungen und Schmerzen Anpassungsst\u00f6rungen in schwierigen Lebensphasen Posttraumatische Belastungsst\u00f6rungen Psychosomatische Erkrankungen&hellip;<\/p>\n<p class=\"more-link-p\"><a class=\"btn btn-default\" href=\"http:\/\/psychotherapie-bommer.ch\/data\/behandlungsspektrum\/\">Read more<\/a><\/p>\n","protected":false},"author":1,"featured_media":0,"parent":0,"menu_order":0,"comment_status":"closed","ping_status":"closed","template":"","meta":[],"_links":{"self":[{"href":"http:\/\/psychotherapie-bommer.ch\/data\/wp-json\/wp\/v2\/pages\/103"}],"collection":[{"href":"http:\/\/psychotherapie-bommer.ch\/data\/wp-json\/wp\/v2\/pages"}],"about":[{"href":"http:\/\/psychotherapie-bommer.ch\/data\/wp-json\/wp\/v2\/types\/page"}],"author":[{"embeddable":true,"href":"http:\/\/psychotherapie-bommer.ch\/data\/wp-json\/wp\/v2\/users\/1"}],"replies":[{"embeddable":true,"href":"http:\/\/psychotherapie-bommer.ch\/data\/wp-json\/wp\/v2\/comments?post=103"}],"version-history":[{"count":2,"href":"http:\/\/psychotherapie-bommer.ch\/data\/wp-json\/wp\/v2\/pages\/103\/revisions"}],"predecessor-version":[{"id":106,"href":"http:\/\/psychotherapie-bommer.ch\/data\/wp-json\/wp\/v2\/pages\/103\/revisions\/106"}],"wp:attachment":[{"href":"http:\/\/psychotherapie-bommer.ch\/data\/wp-json\/wp\/v2\/media?parent=103"}],"curies":[{"name":"wp","href":"https:\/\/api.w.org\/{rel}","templated":true}]}}