{"id":110,"date":"2015-03-18T20:04:32","date_gmt":"2015-03-18T20:04:32","guid":{"rendered":"http:\/\/psychotherapie-bommer.ch\/data\/?page_id=110"},"modified":"2022-10-14T21:08:52","modified_gmt":"2022-10-14T21:08:52","slug":"kosten","status":"publish","type":"page","link":"http:\/\/psychotherapie-bommer.ch\/data\/kosten\/","title":{"rendered":"Kosten"},"content":{"rendered":"<p><strong>Grundversicherung<\/strong><\/p>\n<p>Um \u00fcber die Grundversicherung abzurechnen muss eine \u00e4rztliche Anordnung vorliegen. Dieses Anordnungsformular kann vom Psychiater oder vom Hausarzt\/in ausgef\u00fcllt werden, wenn er\/sie in einem Gespr\u00e4ch mit Ihnen festgestellt hat, dass eine Psychotherapie angezeigt (indiziert) ist.<\/p>\n<p>Tarif gem\u00e4ss PsyTAR (aktueller Taxpunkt CHF 2.58\/Min.). Die Leistungen werden nach effektivem Aufwand pro Min. abgerechnet.<\/p>\n<p><strong>Zusatzversicherung<\/strong><\/p>\n<p>Die Zusatzversicherungen der Krankenkassen \u00fcbernehmen einen Teil der Kosten einer psychologischen Psychotherapie. Ich bitte Sie vor Therapiebeginn abzukl\u00e4ren, ob und welche Beitr\u00e4ge von Ihrer Zusatzversicherung \u00fcbernommen werden. Die Sitzung dauert 50Min. und kostet 160 CHF. L\u00e4ngere Sitzungen werden entsprechend dieser Kostenstruktur verg\u00fctet.<\/p>\n<p><strong>Selbstzahler<\/strong><\/p>\n<p>Sie haben auch die M\u00f6glichkeit die Sitzungen selbst ohne Kostenbeteiligung zu zahlen.<\/p>\n<p>Bei Fragen zur Kostenerstattung durch Ihre Krankenversicherung unterst\u00fctze ich Sie gern.<\/p>\n<p><strong>Absage\/Verschiebung von Terminen<\/strong><br \/>\nDie vereinbarten Sitzungstermine sind verbindlich. Ich bitte Sie Termine, die nicht eingehalten werden k\u00f6nnen, sp\u00e4testens 24 Stunden vorher zu verschieben oder abzusagen, ansonsten werden sie zu Ihren Lasten verrechnet (die Versicherung zahlt keine vers\u00e4umte Konsultationen).<\/p>\n","protected":false},"excerpt":{"rendered":"<p class=\"excerpt\">Grundversicherung Um \u00fcber die Grundversicherung abzurechnen muss eine \u00e4rztliche Anordnung vorliegen. Dieses Anordnungsformular kann vom Psychiater oder vom Hausarzt\/in ausgef\u00fcllt werden, wenn er\/sie in einem Gespr\u00e4ch mit Ihnen festgestellt hat, dass eine Psychotherapie angezeigt (indiziert) ist. Tarif gem\u00e4ss PsyTAR (aktueller Taxpunkt CHF 2.58\/Min.). Die Leistungen werden nach effektivem Aufwand pro Min. abgerechnet. Zusatzversicherung Die Zusatzversicherungen der Krankenkassen \u00fcbernehmen einen Teil&hellip;<\/p>\n<p class=\"more-link-p\"><a class=\"btn btn-default\" href=\"http:\/\/psychotherapie-bommer.ch\/data\/kosten\/\">Read more<\/a><\/p>\n","protected":false},"author":1,"featured_media":0,"parent":0,"menu_order":0,"comment_status":"closed","ping_status":"closed","template":"","meta":[],"_links":{"self":[{"href":"http:\/\/psychotherapie-bommer.ch\/data\/wp-json\/wp\/v2\/pages\/110"}],"collection":[{"href":"http:\/\/psychotherapie-bommer.ch\/data\/wp-json\/wp\/v2\/pages"}],"about":[{"href":"http:\/\/psychotherapie-bommer.ch\/data\/wp-json\/wp\/v2\/types\/page"}],"author":[{"embeddable":true,"href":"http:\/\/psychotherapie-bommer.ch\/data\/wp-json\/wp\/v2\/users\/1"}],"replies":[{"embeddable":true,"href":"http:\/\/psychotherapie-bommer.ch\/data\/wp-json\/wp\/v2\/comments?post=110"}],"version-history":[{"count":9,"href":"http:\/\/psychotherapie-bommer.ch\/data\/wp-json\/wp\/v2\/pages\/110\/revisions"}],"predecessor-version":[{"id":839,"href":"http:\/\/psychotherapie-bommer.ch\/data\/wp-json\/wp\/v2\/pages\/110\/revisions\/839"}],"wp:attachment":[{"href":"http:\/\/psychotherapie-bommer.ch\/data\/wp-json\/wp\/v2\/media?parent=110"}],"curies":[{"name":"wp","href":"https:\/\/api.w.org\/{rel}","templated":true}]}}