{"id":48,"date":"2015-02-16T16:25:16","date_gmt":"2015-02-16T16:25:16","guid":{"rendered":"http:\/\/psychotherapie-bommer.ch\/data\/?page_id=48"},"modified":"2023-07-06T15:04:17","modified_gmt":"2023-07-06T15:04:17","slug":"ablauf","status":"publish","type":"page","link":"http:\/\/psychotherapie-bommer.ch\/data\/ablauf\/","title":{"rendered":"Ablauf"},"content":{"rendered":"<p>Nachdem wir am Telefon einen Termin zu einem pers\u00f6nlichen Erstgespr\u00e4ch vereinbart haben, geht es in den ersten 1 bis 3 Sitzungen darum, einen \u00dcberblick \u00fcber Ihre Situation zu bekommen. Ich werde im Rahmen der diagnostischen Untersuchung pr\u00fcfen, ob eine Psychotherapie sinnvoll und indiziert ist, Ihnen meine Vorgehensweise erl\u00e4utern und wir schauen gemeinsam, ob wir uns eine Zusammenarbeit vorstellen k\u00f6nnen (\u201edie Chemie stimmt\u201c).<\/p>\n<p>Wenn beides passt werde ich Ihnen ein individuelles Behandlungsangebot unterbreiten, indem ich Sie \u00fcber M\u00f6glichkeiten, Grenzen und Inhalte von Psychotherapie informiere.<\/p>\n<p>Entscheiden Sie sich f\u00fcr eine Psychotherapie, erarbeiten wir in einem Erkl\u00e4rungsmodell die urs\u00e4chlichen, ausl\u00f6senden und aufrechterhaltenden Bedingungen f\u00fcr Ihre psychischen Probleme. Dann werden Schwerpunkte und vorl\u00e4ufige Therapieziele vereinbart.<\/p>\n<p>Im Sinne von Hilfe zur Selbsthilfe erlernen Sie dann im Verlauf der Therapie Bew\u00e4ltigungsstrategien ohne therapeutische Unterst\u00fctzung im Alltag umzusetzen.<br \/>\nIm Anschluss daran f\u00fchre ich mit Ihnen eine R\u00fcckfallprophylaxe durch, um Ihren Therapieerfolg zu stabilisieren.<br \/>\nAlle Methoden und Vorgehensweisen werden von mir transparent dargestellt, so dass Sie jederzeit eine eigenverantwortliche Entscheidung \u00fcber den Behandlungsfortgang treffen k\u00f6nnen.<\/p>\n<p>Die Dauer der Therapie wird individuell geplant und ist von Ihren Zielen und der Komplexit\u00e4t Ihrer Probleme abh\u00e4ngig.<br \/>\nDie Einzeltherapiesitzungen dauern 50 Minuten und finden in der Regel einmal pro Woche statt.<\/p>\n<p>Ich unterstehe der beruflichen Schweigepflicht.<\/p>\n","protected":false},"excerpt":{"rendered":"<p class=\"excerpt\">Nachdem wir am Telefon einen Termin zu einem pers\u00f6nlichen Erstgespr\u00e4ch vereinbart haben, geht es in den ersten 1 bis 3 Sitzungen darum, einen \u00dcberblick \u00fcber Ihre Situation zu bekommen. Ich werde im Rahmen der diagnostischen Untersuchung pr\u00fcfen, ob eine Psychotherapie sinnvoll und indiziert ist, Ihnen meine Vorgehensweise erl\u00e4utern und wir schauen gemeinsam, ob wir uns eine Zusammenarbeit vorstellen k\u00f6nnen (\u201edie&hellip;<\/p>\n<p class=\"more-link-p\"><a class=\"btn btn-default\" href=\"http:\/\/psychotherapie-bommer.ch\/data\/ablauf\/\">Read more<\/a><\/p>\n","protected":false},"author":1,"featured_media":0,"parent":0,"menu_order":0,"comment_status":"closed","ping_status":"closed","template":"","meta":[],"_links":{"self":[{"href":"http:\/\/psychotherapie-bommer.ch\/data\/wp-json\/wp\/v2\/pages\/48"}],"collection":[{"href":"http:\/\/psychotherapie-bommer.ch\/data\/wp-json\/wp\/v2\/pages"}],"about":[{"href":"http:\/\/psychotherapie-bommer.ch\/data\/wp-json\/wp\/v2\/types\/page"}],"author":[{"embeddable":true,"href":"http:\/\/psychotherapie-bommer.ch\/data\/wp-json\/wp\/v2\/users\/1"}],"replies":[{"embeddable":true,"href":"http:\/\/psychotherapie-bommer.ch\/data\/wp-json\/wp\/v2\/comments?post=48"}],"version-history":[{"count":9,"href":"http:\/\/psychotherapie-bommer.ch\/data\/wp-json\/wp\/v2\/pages\/48\/revisions"}],"predecessor-version":[{"id":114,"href":"http:\/\/psychotherapie-bommer.ch\/data\/wp-json\/wp\/v2\/pages\/48\/revisions\/114"}],"wp:attachment":[{"href":"http:\/\/psychotherapie-bommer.ch\/data\/wp-json\/wp\/v2\/media?parent=48"}],"curies":[{"name":"wp","href":"https:\/\/api.w.org\/{rel}","templated":true}]}}