{"id":8,"date":"2015-02-11T19:33:26","date_gmt":"2015-02-11T19:33:26","guid":{"rendered":"http:\/\/psychotherapie-bommer.ch\/data\/?page_id=8"},"modified":"2015-03-18T16:01:40","modified_gmt":"2015-03-18T16:01:40","slug":"psychologische-beratung","status":"publish","type":"page","link":"http:\/\/psychotherapie-bommer.ch\/data\/psychologische-beratung\/","title":{"rendered":"Psychologische Beratung"},"content":{"rendered":"<p>Mein zweiter Schwerpunkt liegt in der psychologischen Beratung bei unterschiedlichen Lebensproblemen und Krisen. Themen f\u00fcr die Beratung k\u00f6nnen sehr unterschiedlich sein, wie beispielsweise, Arbeits\u00fcberlastung, Zeitmanagement, Pr\u00fcfungsvorbereitung, Lerntechniken (Lernen-zu-Lernen), Krisenbegleitung, Neuorientierung und Fragen zur Erziehung, Familie und pers\u00f6nlichen Entwicklung.<\/p>\n<p>Der Beratungsprozess ist auf Ihre pers\u00f6nlichen Ziele ausgerichtet. Dabei werden Ihre Ressourcen gef\u00f6rdert, neue Fertigkeiten entwickelt und gemeinsam verschiedene M\u00f6glichkeiten f\u00fcr den Umgang mit Ihrer Situation erarbeitet. Zudem geht es um die Reflektion der eigenen Person, damit Sie zuk\u00fcnftige Problemsituationen besser bew\u00e4ltigen k\u00f6nnen.<\/p>\n<p>Sie entscheiden individuell im Beratungsprozess, wie viel Unterst\u00fctzung Sie bei der Bew\u00e4ltigung Ihres Anliegens ben\u00f6tigen.<\/p>\n","protected":false},"excerpt":{"rendered":"<p class=\"excerpt\">Mein zweiter Schwerpunkt liegt in der psychologischen Beratung bei unterschiedlichen Lebensproblemen und Krisen. Themen f\u00fcr die Beratung k\u00f6nnen sehr unterschiedlich sein, wie beispielsweise, Arbeits\u00fcberlastung, Zeitmanagement, Pr\u00fcfungsvorbereitung, Lerntechniken (Lernen-zu-Lernen), Krisenbegleitung, Neuorientierung und Fragen zur Erziehung, Familie und pers\u00f6nlichen Entwicklung. Der Beratungsprozess ist auf Ihre pers\u00f6nlichen Ziele ausgerichtet. Dabei werden Ihre Ressourcen gef\u00f6rdert, neue Fertigkeiten entwickelt und gemeinsam verschiedene M\u00f6glichkeiten f\u00fcr den&hellip;<\/p>\n<p class=\"more-link-p\"><a class=\"btn btn-default\" href=\"http:\/\/psychotherapie-bommer.ch\/data\/psychologische-beratung\/\">Read more<\/a><\/p>\n","protected":false},"author":1,"featured_media":0,"parent":0,"menu_order":0,"comment_status":"closed","ping_status":"closed","template":"","meta":[],"_links":{"self":[{"href":"http:\/\/psychotherapie-bommer.ch\/data\/wp-json\/wp\/v2\/pages\/8"}],"collection":[{"href":"http:\/\/psychotherapie-bommer.ch\/data\/wp-json\/wp\/v2\/pages"}],"about":[{"href":"http:\/\/psychotherapie-bommer.ch\/data\/wp-json\/wp\/v2\/types\/page"}],"author":[{"embeddable":true,"href":"http:\/\/psychotherapie-bommer.ch\/data\/wp-json\/wp\/v2\/users\/1"}],"replies":[{"embeddable":true,"href":"http:\/\/psychotherapie-bommer.ch\/data\/wp-json\/wp\/v2\/comments?post=8"}],"version-history":[{"count":8,"href":"http:\/\/psychotherapie-bommer.ch\/data\/wp-json\/wp\/v2\/pages\/8\/revisions"}],"predecessor-version":[{"id":92,"href":"http:\/\/psychotherapie-bommer.ch\/data\/wp-json\/wp\/v2\/pages\/8\/revisions\/92"}],"wp:attachment":[{"href":"http:\/\/psychotherapie-bommer.ch\/data\/wp-json\/wp\/v2\/media?parent=8"}],"curies":[{"name":"wp","href":"https:\/\/api.w.org\/{rel}","templated":true}]}}