{"id":80,"date":"2015-03-18T12:31:50","date_gmt":"2015-03-18T12:31:50","guid":{"rendered":"http:\/\/psychotherapie-bommer.ch\/data\/?page_id=80"},"modified":"2022-10-14T06:21:50","modified_gmt":"2022-10-14T06:21:50","slug":"impressum","status":"publish","type":"page","link":"http:\/\/psychotherapie-bommer.ch\/data\/impressum\/","title":{"rendered":"Impressum"},"content":{"rendered":"<p><strong>Inhaltlich verantwortlich:<\/strong><br \/>\nDipl. Psych. Tina Bommer<\/p>\n<p>Printdesign: Kai Erdmann<br \/>\nWebdesign: <a href=\"http:\/\/www.bureau-k.de\" target=\"_blank\" rel=\"noopener noreferrer\">Michael Thomas<\/a><\/p>\n<div class=\"impressum\">\n<p><strong>Kontaktadresse:<\/strong><br \/>\nPraxis f\u00fcr Psychotherapie und psychologische Beratung<br \/>\nTina\u00a0Bommer<br \/>\nWeggisgasse 1<br \/>\n6004 Luzern<br \/>\n<a href=\"mailto:kontakt@psychotherapie-bommer.ch\">kontakt@psychotherapie-bommer.ch<\/a><\/p>\n<p>tinabommer@fsp-hin.ch<\/p>\n<p><strong>Haftungsausschluss<br \/>\n<\/strong>Der Autor \u00fcbernimmt keinerlei Gew\u00e4hr hinsichtlich der inhaltlichen Richtigkeit, Genauigkeit, Aktualit\u00e4t, Zuverl\u00e4ssigkeit und Vollst\u00e4ndigkeit der Informationen.<\/p>\n<p>Haftungsanspr\u00fcche gegen den Autor wegen Sch\u00e4den materieller oder immaterieller Art, welche aus dem Zugriff oder der Nutzung bzw. Nichtnutzung der ver\u00f6ffentlichten Informationen, durch Missbrauch der Verbindung oder durch technische St\u00f6rungen entstanden sind, werden ausgeschlossen.<\/p>\n<p>Alle Angebote sind unverbindlich. Der Autor beh\u00e4lt es sich ausdr\u00fccklich vor, Teile der Seiten oder das gesamte Angebot ohne gesonderte Ank\u00fcndigung zu ver\u00e4ndern, zu erg\u00e4nzen, zu l\u00f6schen oder die Ver\u00f6ffentlichung zeitweise oder endg\u00fcltig einzustellen.<\/p>\n<p><strong>Haftung f\u00fcr Links<\/strong><br \/>\nVerweise und Links auf Webseiten Dritter liegen ausserhalb unseres Verantwortungsbereichs Es wird jegliche Verantwortung f\u00fcr solche Webseiten abgelehnt. Der Zugriff und die Nutzung solcher Webseiten erfolgen auf eigene Gefahr des Nutzers oder der Nutzerin.<\/p>\n<p><strong>Urheberrechte<\/strong><br \/>\nDie Urheber- und alle anderen Rechte an Inhalten, Bildern, Fotos oder anderen Dateien auf der Website geh\u00f6ren ausschliesslich <strong>der Firma Praxis f\u00fcr Psychotherapie und psychologische Beratung<\/strong> oder den speziell genannten Rechtsinhabern. F\u00fcr die Reproduktion jeglicher Elemente ist die schriftliche Zustimmung der Urheberrechtstr\u00e4ger im Voraus einzuholen.<\/p>\n<p><strong>Datenschutz<\/strong><br \/>\nGest\u00fctzt auf Artikel 13 der schweizerischen Bundesverfassung und die datenschutzrechtlichen Bestimmungen des Bundes (Datenschutzgesetz, DSG) hat jede Person Anspruch auf Schutz ihrer Privatsph\u00e4re sowie auf Schutz vor Missbrauch ihrer pers\u00f6nlichen Daten. Wir halten diese Bestimmungen ein. Pers\u00f6nliche Daten werden streng vertraulich behandelt und weder an Dritte verkauft noch weiter gegeben.<\/p>\n<p>In enger Zusammenarbeit mit unseren Hosting-Providern bem\u00fchen wir uns, die Datenbanken so gut wie m\u00f6glich vor fremden Zugriffen, Verlusten, Missbrauch oder vor F\u00e4lschung zu sch\u00fctzen.<\/p>\n<p>Beim Zugriff auf unsere Webseiten werden folgende Daten in Logfiles gespeichert: IP-Adresse, Datum, Uhrzeit, Browser-Anfrage und allg. \u00fcbertragene Informationen zum Betriebssystem resp. Browser. Diese Nutzungsdaten bilden die Basis f\u00fcr statistische, anonyme Auswertungen, so dass Trends erkennbar sind, anhand derer wir unsere Angebote entsprechend verbessern k\u00f6nnen.<\/p>\n<p style=\"visibility: hidden;\">\n<\/div>\n","protected":false},"excerpt":{"rendered":"<p class=\"excerpt\">Inhaltlich verantwortlich: Dipl. Psych. Tina Bommer Printdesign: Kai Erdmann Webdesign: Michael Thomas Kontaktadresse: Praxis f\u00fcr Psychotherapie und psychologische Beratung Tina\u00a0Bommer Weggisgasse 1 6004 Luzern kontakt@psychotherapie-bommer.ch tinabommer@fsp-hin.ch Haftungsausschluss Der Autor \u00fcbernimmt keinerlei Gew\u00e4hr hinsichtlich der inhaltlichen Richtigkeit, Genauigkeit, Aktualit\u00e4t, Zuverl\u00e4ssigkeit und Vollst\u00e4ndigkeit der Informationen. Haftungsanspr\u00fcche gegen den Autor wegen Sch\u00e4den materieller oder immaterieller Art, welche aus dem Zugriff oder der Nutzung&hellip;<\/p>\n<p class=\"more-link-p\"><a class=\"btn btn-default\" href=\"http:\/\/psychotherapie-bommer.ch\/data\/impressum\/\">Read more<\/a><\/p>\n","protected":false},"author":1,"featured_media":0,"parent":0,"menu_order":0,"comment_status":"closed","ping_status":"closed","template":"","meta":[],"_links":{"self":[{"href":"http:\/\/psychotherapie-bommer.ch\/data\/wp-json\/wp\/v2\/pages\/80"}],"collection":[{"href":"http:\/\/psychotherapie-bommer.ch\/data\/wp-json\/wp\/v2\/pages"}],"about":[{"href":"http:\/\/psychotherapie-bommer.ch\/data\/wp-json\/wp\/v2\/types\/page"}],"author":[{"embeddable":true,"href":"http:\/\/psychotherapie-bommer.ch\/data\/wp-json\/wp\/v2\/users\/1"}],"replies":[{"embeddable":true,"href":"http:\/\/psychotherapie-bommer.ch\/data\/wp-json\/wp\/v2\/comments?post=80"}],"version-history":[{"count":6,"href":"http:\/\/psychotherapie-bommer.ch\/data\/wp-json\/wp\/v2\/pages\/80\/revisions"}],"predecessor-version":[{"id":828,"href":"http:\/\/psychotherapie-bommer.ch\/data\/wp-json\/wp\/v2\/pages\/80\/revisions\/828"}],"wp:attachment":[{"href":"http:\/\/psychotherapie-bommer.ch\/data\/wp-json\/wp\/v2\/media?parent=80"}],"curies":[{"name":"wp","href":"https:\/\/api.w.org\/{rel}","templated":true}]}}